{"id":13,"date":"2023-07-05T17:53:05","date_gmt":"2023-07-05T17:53:05","guid":{"rendered":"http:\/\/193.194.89.193\/wp_lge\/?page_id=13"},"modified":"2024-02-28T08:49:18","modified_gmt":"2024-02-28T08:49:18","slug":"presentation","status":"publish","type":"page","link":"https:\/\/lge.usthb.dz\/index.php\/presentation\/","title":{"rendered":"Pr\u00e9sentation du laboratoire"},"content":{"rendered":"\n<h1 class=\"wp-block-heading\"><\/h1>\n\n\n\n<p>Le Laboratoire de G\u00e9o-Environnement (LGE), agr\u00e9e en 2007, est domicili\u00e9 \u00e0 la Facult\u00e9 des Sciences de la Terre, de G\u00e9ographie et de l\u2019Am\u00e9nagement du Territoire de l\u2019Universit\u00e9 des Sciences et Technologie Houari Boumediene (FSTGAT-USTHB).<\/p>\n\n\n\n<p><strong>Activit\u00e9s&nbsp;:<\/strong><\/p>\n\n\n\n<ul class=\"wp-block-list\">\n<li>Mobilisation de la ressource en eau, gestion, protection et ma\u00eetrise de son \u00e9volution dans les diff\u00e9rents milieux o\u00f9 elle circule.<\/li>\n\n\n\n<li>Mod\u00e9lisation et Simulation de l\u2019\u00e9coulement et de la propagation de la pollution dans les milieux naturels.<\/li>\n\n\n\n<li>\u00c9tude des facteurs li\u00e9s \u00e0 l\u2019\u00e9rosion et \u00e0 la submersion de la c\u00f4te et cartographie automatique des zones \u00e0 risques.<\/li>\n\n\n\n<li>D\u00e9termination et cartographie des zones \u00e0 fort potentiel g\u00e9othermique en Alg\u00e9rie du Nord.<\/li>\n<\/ul>\n\n\n\n<p><strong>Th\u00e9matiques trait\u00e9es&nbsp;:<\/strong><\/p>\n\n\n\n<ul class=\"wp-block-list\">\n<li>Origine des eaux souterraines dans le zones semi arides et arides&nbsp;; origine de leur min\u00e9ralisation&nbsp;; localisation des aires de r\u00e9alimentation et d\u00e9termination du m\u00e9canisme et du taux de recharge.<\/li>\n\n\n\n<li>Exploration, exploitation et gestion quantitative et qualitative des eaux des aquif\u00e8res c\u00f4tiers de l\u2019Alg\u00e9rie centrale.<\/li>\n\n\n\n<li>\u00c9valuation et cartographie des potentialit\u00e9s g\u00e9othermiques de l\u2019Alg\u00e9rie du Nord.<\/li>\n\n\n\n<li>\u00c9tude du ph\u00e9nom\u00e8ne de l\u2019\u00e9rosion c\u00f4ti\u00e8re et de submersion marine&nbsp;; protection des c\u00f4tes \u00e0 travers des m\u00e9thodes d\u2019ing\u00e9nierie durables&nbsp;; d\u00e9veloppement de m\u00e9thodes bas\u00e9es sur l\u2019IA pour l\u2019\u00e9tude de la dynamique c\u00f4ti\u00e8re&nbsp;; d\u00e9veloppement de nouvelles techniques de mesure et d\u2019observation des ph\u00e9nom\u00e8nes c\u00f4tiers.<\/li>\n<\/ul>\n\n\n\n<p><strong><strong>Moyens techniques et scientifiques\u00a0:<\/strong><\/strong><\/p>\n\n\n\n<p><strong>Laboratoire d\u2019hydrochimie, Mesures param\u00e8tres physico-chimiques in-situ, granulom\u00e8tre Laser, R\u00e9sistivim\u00e8tre, Sondes pi\u00e9zom\u00e9triques, Appareil auscultation forages.s techniques et scientifiques&nbsp;: <\/strong><\/p>\n","protected":false},"excerpt":{"rendered":"<p>Le Laboratoire de G\u00e9o-Environnement (LGE), agr\u00e9e en 2007, est domicili\u00e9 \u00e0 la Facult\u00e9 des Sciences de la Terre, de G\u00e9ographie et de l\u2019Am\u00e9nagement du Territoire de l\u2019Universit\u00e9 des Sciences et Technologie Houari Boumediene (FSTGAT-USTHB). Activit\u00e9s&nbsp;: Th\u00e9matiques trait\u00e9es&nbsp;: Moyens techniques et <span class=\"readmore\"><a href=\"https:\/\/lge.usthb.dz\/index.php\/presentation\/\">Continue Reading<\/a><\/span><\/p>\n","protected":false},"author":1,"featured_media":0,"parent":0,"menu_order":0,"comment_status":"closed","ping_status":"closed","template":"","meta":{"footnotes":""},"class_list":["post-13","page","type-page","status-publish","hentry"],"_links":{"self":[{"href":"https:\/\/lge.usthb.dz\/index.php\/wp-json\/wp\/v2\/pages\/13","targetHints":{"allow":["GET"]}}],"collection":[{"href":"https:\/\/lge.usthb.dz\/index.php\/wp-json\/wp\/v2\/pages"}],"about":[{"href":"https:\/\/lge.usthb.dz\/index.php\/wp-json\/wp\/v2\/types\/page"}],"author":[{"embeddable":true,"href":"https:\/\/lge.usthb.dz\/index.php\/wp-json\/wp\/v2\/users\/1"}],"replies":[{"embeddable":true,"href":"https:\/\/lge.usthb.dz\/index.php\/wp-json\/wp\/v2\/comments?post=13"}],"version-history":[{"count":17,"href":"https:\/\/lge.usthb.dz\/index.php\/wp-json\/wp\/v2\/pages\/13\/revisions"}],"predecessor-version":[{"id":323,"href":"https:\/\/lge.usthb.dz\/index.php\/wp-json\/wp\/v2\/pages\/13\/revisions\/323"}],"wp:attachment":[{"href":"https:\/\/lge.usthb.dz\/index.php\/wp-json\/wp\/v2\/media?parent=13"}],"curies":[{"name":"wp","href":"https:\/\/api.w.org\/{rel}","templated":true}]}}