{"id":131,"date":"2024-02-22T18:09:16","date_gmt":"2024-02-22T18:09:16","guid":{"rendered":"http:\/\/193.194.89.193\/wp_lge\/?page_id=131"},"modified":"2024-02-22T18:09:17","modified_gmt":"2024-02-22T18:09:17","slug":"communications-2008","status":"publish","type":"page","link":"https:\/\/lge.usthb.dz\/index.php\/communications-2008\/","title":{"rendered":"Communications 2008"},"content":{"rendered":"\n<div class=\"wp-block-group\"><div class=\"wp-block-group__inner-container is-layout-constrained wp-block-group-is-layout-constrained\">\n<ul class=\"wp-block-list\">\n<li>ALLIGUI-MERMOUL F., 2008. On mercury pollution state in Azzaba (North Eastern of Algeria). 6\u00e8me Journ\u00e9es Scientifiques de la FSTGAT\/USTHB, Alger 3 et 4 nov. 2008.<\/li>\n\n\n\n<li>ATROUNE F. ,2008. Etat de pollution de l\u2019oued El Harrach. 6\u00e8me Journ\u00e9es Scientifiques de la FSTGAT\/USTHB, Alger 3 et 4 nov. 2008.<\/li>\n\n\n\n<li>BENSLAMA-HABIKI H., 2008. R\u00e9partition de l\u2019ostracofaune en baie de Bou-Ismail \u00ab&nbsp;impact du milieu sur les variations architecturales des genres COSTA et CARINOCYTHREIS. 6\u00e8me Journ\u00e9es Scientifiques de la FSTGAT\/USTHB, Alger 3 et 4 nov. 2008.<\/li>\n\n\n\n<li>BENSLAMA L. Relation entre la variation du niveau marin et la morphologie sous-marine de la baie d\u2019El Djemila (Sidi Fredj, ouest alg\u00e9rois. 6\u00e8me Journ\u00e9es Scientifiques de la FSTGAT\/USTHB, Alger 3 et 4 nov 2008.<\/li>\n\n\n\n<li>HADDOUM H., DJEMAI S. Comportement contrast\u00e9 des terranes de Tirek et de l\u2019In Ouzzal au cours de leur accolement panafricain. 6\u00e8me Journ\u00e9es Scientifiques de la FSTGAT\/USTHB, Alger 3 et 4 nov 2008.<\/li>\n\n\n\n<li>MOULFI-EL HOUARI L., 2008. R\u00e9partition des foraminif\u00e8res benthiques actuels sur la marge alg\u00e9roise. Relation entre les foraminif\u00e8res et les faci\u00e8s s\u00e9dimentaires. 4\u00e8me colloque de l\u2019association des femmes africaines g\u00e9o scientifiques. Le Caire 14-16 avril 2008.<\/li>\n\n\n\n<li>MOULFI L., 2008. R\u00e9partition des foraminif\u00e8res benthiques de la marge alg\u00e9roise&nbsp;: Relation entre les foraminif\u00e8res benthiques et la nature du s\u00e9diment (Baie d\u2019Alger)&nbsp;; Egypte 14 au 16 avril 2008&nbsp;;&nbsp;<a href=\"http:\/\/www.aawg.org\/\">www.aawg.org<\/a><\/li>\n\n\n\n<li>NAAK. M., 2008. La marge alg\u00e9roise et kabyle de la M\u00e9diterran\u00e9e, impact environnemental&nbsp;\u00bb S\u00e9minaire sur l\u2019environnement, Universit\u00e9 M.&nbsp;Mammeri Tizi-Ouzou, juin 2008.<\/li>\n\n\n\n<li>NAAK. M., 2008. La marge alg\u00e9rienne de la M\u00e9diterran\u00e9e, le mod\u00e8le g\u00e9otechnique. S\u00e9minaire de Sonatrach sur l\u2019offshore alg\u00e9rien, juin 2008.<\/li>\n\n\n\n<li>NAAK. M., 2008. Le processus m\u00e9diterran\u00e9en et collision posthume dans les maghr\u00e9bides. 6\u00e8me S\u00e9minaire des Sciences de la Terre de la FSTGAT\/USTHB, Alger 3 et 4 novembre 2008.<\/li>\n\n\n\n<li>SAIGHI O., BOUFEKANE, 2008. Impacte de l\u2019agriculture et de la nature du sol sur l\u2019accroissement des teneurs en nitrates dans la nappe de la basse vall\u00e9e de l\u2019oued Nil (Jijel). 1er S\u00e9minaire National Agriculture, Environnement et Sant\u00e9, S.N.A.E.S. 2008. Centre Universitaire de Khemis Miliana, 19 et 20 avril 2008.<\/li>\n\n\n\n<li>SAIGHI O., BOUFEKANE, 2008. Utilisation des SIG pour la caract\u00e9risation de la vuln\u00e9rabilit\u00e9 \u00e0 la pollution des nappes d\u2019eau souterraine. Application \u00e0 la nappe alluviale de l\u2019oued Djendjen. 6\u00e8me S\u00e9minaire des Sciences de la Terre de la FSTGAT\/USTHB, Alger 3 et 4 novembre 2008<\/li>\n<\/ul>\n\n\n\n<p>SAIGHI O., BOUFEKANE, 2008. Utilisation des SIG pour la caract\u00e9risation de la vuln\u00e9rabilit\u00e9 \u00e0 la pollution des nappes d\u2019eau souterraine. Application \u00e0 la nappe alluviale de l\u2019oued Djendjen. 6\u00e8me S\u00e9minaire des Sciences de la Terre de la FSTGAT\/USTHB, Alger 3 et 4 novembre 2008<\/p>\n<\/div><\/div>\n","protected":false},"excerpt":{"rendered":"<p>SAIGHI O., BOUFEKANE, 2008. Utilisation des SIG pour la caract\u00e9risation de la vuln\u00e9rabilit\u00e9 \u00e0 la pollution des nappes d\u2019eau souterraine. Application \u00e0 la nappe alluviale de l\u2019oued Djendjen. 6\u00e8me S\u00e9minaire des Sciences de la Terre de la FSTGAT\/USTHB, Alger 3 <span class=\"readmore\"><a href=\"https:\/\/lge.usthb.dz\/index.php\/communications-2008\/\">Continue Reading<\/a><\/span><\/p>\n","protected":false},"author":1,"featured_media":0,"parent":0,"menu_order":0,"comment_status":"closed","ping_status":"closed","template":"","meta":{"footnotes":""},"class_list":["post-131","page","type-page","status-publish","hentry"],"_links":{"self":[{"href":"https:\/\/lge.usthb.dz\/index.php\/wp-json\/wp\/v2\/pages\/131","targetHints":{"allow":["GET"]}}],"collection":[{"href":"https:\/\/lge.usthb.dz\/index.php\/wp-json\/wp\/v2\/pages"}],"about":[{"href":"https:\/\/lge.usthb.dz\/index.php\/wp-json\/wp\/v2\/types\/page"}],"author":[{"embeddable":true,"href":"https:\/\/lge.usthb.dz\/index.php\/wp-json\/wp\/v2\/users\/1"}],"replies":[{"embeddable":true,"href":"https:\/\/lge.usthb.dz\/index.php\/wp-json\/wp\/v2\/comments?post=131"}],"version-history":[{"count":1,"href":"https:\/\/lge.usthb.dz\/index.php\/wp-json\/wp\/v2\/pages\/131\/revisions"}],"predecessor-version":[{"id":139,"href":"https:\/\/lge.usthb.dz\/index.php\/wp-json\/wp\/v2\/pages\/131\/revisions\/139"}],"wp:attachment":[{"href":"https:\/\/lge.usthb.dz\/index.php\/wp-json\/wp\/v2\/media?parent=131"}],"curies":[{"name":"wp","href":"https:\/\/api.w.org\/{rel}","templated":true}]}}