{"id":132,"date":"2024-02-22T18:05:33","date_gmt":"2024-02-22T18:05:33","guid":{"rendered":"http:\/\/193.194.89.193\/wp_lge\/?page_id=132"},"modified":"2024-02-22T18:06:25","modified_gmt":"2024-02-22T18:06:25","slug":"communications-2007","status":"publish","type":"page","link":"https:\/\/lge.usthb.dz\/index.php\/communications-2007\/","title":{"rendered":"Communications 2007"},"content":{"rendered":"\n<ul class=\"wp-block-list\">\n<li>BENSLAMA-HABIKI H., 2007. Apport de l\u2019oued Isser et r\u00f4le du canyon d\u2019Alger dans la dynamique des s\u00e9diments du plateau continental de la baie de Zemmouri-El-Bahri. 38\u00e8me congr\u00e8s de la CIESM- Istambul 9-13 avril 2007.<\/li>\n\n\n\n<li>BOUHAMADOUCHE M., 2007. Utilisation des min\u00e9raux lourds comme traceurs de la dynamique s\u00e9dimentaire entre Sidi Fredj et Mazafran (Alg\u00e9rie) 38\u00e8me CIESM Istambul 9-13 avril 2007.<\/li>\n\n\n\n<li>SAIGHI.O, BOUFEKANE, 2007. L\u2019\u00e9valuation de la vuln\u00e9rabilit\u00e9 environnementale des aquif\u00e8res phr\u00e9atiques&nbsp;: cas de la nappe alluviale de l\u2019oued Djendjen. Universit\u00e9 Mouloud Mammeri, Tizi-Ouzou. 4\u00e8me s\u00e9minaire sur l\u2019eau, 5 et 6 juin 2007.<\/li>\n<\/ul>\n","protected":false},"excerpt":{"rendered":"","protected":false},"author":1,"featured_media":0,"parent":0,"menu_order":0,"comment_status":"closed","ping_status":"closed","template":"","meta":{"footnotes":""},"class_list":["post-132","page","type-page","status-publish","hentry"],"_links":{"self":[{"href":"https:\/\/lge.usthb.dz\/index.php\/wp-json\/wp\/v2\/pages\/132","targetHints":{"allow":["GET"]}}],"collection":[{"href":"https:\/\/lge.usthb.dz\/index.php\/wp-json\/wp\/v2\/pages"}],"about":[{"href":"https:\/\/lge.usthb.dz\/index.php\/wp-json\/wp\/v2\/types\/page"}],"author":[{"embeddable":true,"href":"https:\/\/lge.usthb.dz\/index.php\/wp-json\/wp\/v2\/users\/1"}],"replies":[{"embeddable":true,"href":"https:\/\/lge.usthb.dz\/index.php\/wp-json\/wp\/v2\/comments?post=132"}],"version-history":[{"count":2,"href":"https:\/\/lge.usthb.dz\/index.php\/wp-json\/wp\/v2\/pages\/132\/revisions"}],"predecessor-version":[{"id":138,"href":"https:\/\/lge.usthb.dz\/index.php\/wp-json\/wp\/v2\/pages\/132\/revisions\/138"}],"wp:attachment":[{"href":"https:\/\/lge.usthb.dz\/index.php\/wp-json\/wp\/v2\/media?parent=132"}],"curies":[{"name":"wp","href":"https:\/\/api.w.org\/{rel}","templated":true}]}}