{"id":19,"date":"2023-07-05T17:56:43","date_gmt":"2023-07-05T17:56:43","guid":{"rendered":"http:\/\/193.194.89.193\/wp_lge\/?page_id=19"},"modified":"2024-04-24T21:44:42","modified_gmt":"2024-04-24T21:44:42","slug":"equipe-de-recherche","status":"publish","type":"page","link":"https:\/\/lge.usthb.dz\/index.php\/equipe-de-recherche\/","title":{"rendered":"\u00c9quipes de recherche"},"content":{"rendered":"\n<p><strong>Le laboratoire  de g\u00e9o-environnement est compos\u00e9 de quatre \u00e9quipes de recherche\u00a0<\/strong>:<\/p>\n\n\n\n<p><strong>\u00c9quipe 1 :<\/strong> <a href=\"http:\/\/193.194.89.193\/wp_lge\/index.php\/equipe-1\/\" data-type=\"page\" data-id=\"27\">Ressources en eau et environnement en zones semi arides&nbsp;<\/a><\/p>\n\n\n\n<p><strong>\u00c9quipe 2 : <\/strong><a href=\"http:\/\/193.194.89.193\/wp_lge\/index.php\/equipe-2\/\" data-type=\"page\" data-id=\"28\">Aquif\u00e8res c\u00f4tiers&nbsp;et G\u00e9o-risques<\/a><\/p>\n\n\n\n<p><strong>\u00c9quipe 3 :<\/strong> <a href=\"http:\/\/193.194.89.193\/wp_lge\/index.php\/equipe-3\/\" data-type=\"page\" data-id=\"29\">Ressources g\u00e9othermiques<\/a><\/p>\n\n\n\n<p><strong>\u00c9quipe 4 :<\/strong> <a href=\"http:\/\/193.194.89.193\/wp_lge\/index.php\/equipe-4\/\" data-type=\"page\" data-id=\"30\">Dynamique et ing\u00e9nierie c\u00f4ti\u00e8res<\/a><\/p>\n","protected":false},"excerpt":{"rendered":"<p>Le laboratoire de g\u00e9o-environnement est compos\u00e9 de quatre \u00e9quipes de recherche\u00a0: \u00c9quipe 1 : Ressources en eau et environnement en zones semi arides&nbsp; \u00c9quipe 2 : Aquif\u00e8res c\u00f4tiers&nbsp;et G\u00e9o-risques \u00c9quipe 3 : Ressources g\u00e9othermiques \u00c9quipe 4 : Dynamique et ing\u00e9nierie <span class=\"readmore\"><a href=\"https:\/\/lge.usthb.dz\/index.php\/equipe-de-recherche\/\">Continue Reading<\/a><\/span><\/p>\n","protected":false},"author":1,"featured_media":0,"parent":0,"menu_order":0,"comment_status":"closed","ping_status":"closed","template":"","meta":{"footnotes":""},"class_list":["post-19","page","type-page","status-publish","hentry"],"_links":{"self":[{"href":"https:\/\/lge.usthb.dz\/index.php\/wp-json\/wp\/v2\/pages\/19","targetHints":{"allow":["GET"]}}],"collection":[{"href":"https:\/\/lge.usthb.dz\/index.php\/wp-json\/wp\/v2\/pages"}],"about":[{"href":"https:\/\/lge.usthb.dz\/index.php\/wp-json\/wp\/v2\/types\/page"}],"author":[{"embeddable":true,"href":"https:\/\/lge.usthb.dz\/index.php\/wp-json\/wp\/v2\/users\/1"}],"replies":[{"embeddable":true,"href":"https:\/\/lge.usthb.dz\/index.php\/wp-json\/wp\/v2\/comments?post=19"}],"version-history":[{"count":8,"href":"https:\/\/lge.usthb.dz\/index.php\/wp-json\/wp\/v2\/pages\/19\/revisions"}],"predecessor-version":[{"id":418,"href":"https:\/\/lge.usthb.dz\/index.php\/wp-json\/wp\/v2\/pages\/19\/revisions\/418"}],"wp:attachment":[{"href":"https:\/\/lge.usthb.dz\/index.php\/wp-json\/wp\/v2\/media?parent=19"}],"curies":[{"name":"wp","href":"https:\/\/api.w.org\/{rel}","templated":true}]}}