{"id":232,"date":"2024-02-25T17:03:57","date_gmt":"2024-02-25T17:03:57","guid":{"rendered":"http:\/\/193.194.89.193\/wp_lge\/?page_id=232"},"modified":"2024-05-08T11:39:52","modified_gmt":"2024-05-08T11:39:52","slug":"accueil","status":"publish","type":"page","link":"https:\/\/lge.usthb.dz\/","title":{"rendered":"Accueil"},"content":{"rendered":"\n<figure class=\"wp-block-image size-full\"><img loading=\"lazy\" decoding=\"async\" width=\"985\" height=\"199\" src=\"http:\/\/193.194.89.193\/wp_lge\/wp-content\/uploads\/2024\/03\/image.png\" alt=\"\" class=\"wp-image-373\" srcset=\"https:\/\/lge.usthb.dz\/wp-content\/uploads\/2024\/03\/image.png 985w, https:\/\/lge.usthb.dz\/wp-content\/uploads\/2024\/03\/image-300x61.png 300w, https:\/\/lge.usthb.dz\/wp-content\/uploads\/2024\/03\/image-768x155.png 768w\" sizes=\"auto, (max-width: 985px) 100vw, 985px\" \/><\/figure>\n\n\n\n<p><strong>IDENTIFICATION<\/strong><\/p>\n\n\n\n<figure class=\"wp-block-table has-small-font-size\"><table><tbody><tr><td><strong>Nom<\/strong><\/td><td>Laboratoire de G\u00e9o-Environnement<\/td><\/tr><tr><td><strong>Acronyme<\/strong><\/td><td>LGE<\/td><\/tr><tr><td><strong>Mots cl\u00e9s\u00a0<\/strong><br><\/td><td>Ressources en eau, zones arides, aquif\u00e8res c\u00f4tiers, ressources g\u00e9othermiques, risques c\u00f4tiers, cartographie, gestion, protection<\/td><\/tr><tr><td><strong>Facult\u00e9<\/strong><\/td><td>Facult\u00e9 des Sciences de la Terre, de la G\u00e9ographie et&nbsp; de l\u2019Am\u00e9nagement du Territoire (FSTGAT)<\/td><\/tr><tr><td><strong>D\u00e9partement<\/strong><\/td><td>G\u00e9ologie<\/td><\/tr><tr><td><strong>\u00c9tablissement<\/strong><\/td><td>Universit\u00e9 des Sciences et de la Technologie Houari&nbsp; Boumediene (USTHB)<\/td><\/tr><tr><td><strong>Localisation physique<\/strong><\/td><td>FSTGAT &#8211; USTHB<\/td><\/tr><\/tbody><\/table><\/figure>\n\n\n\n<p><strong>TH\u00c8MES TRAIT\u00c9S<\/strong><\/p>\n\n\n\n<ul class=\"wp-block-list\">\n<li>Origine des eaux souterraines dans le zones semi arides et arides&nbsp;; origine de leur min\u00e9ralisation&nbsp;; localisation des aires de r\u00e9alimentation et d\u00e9termination du m\u00e9canisme et du taux de recharge.<\/li>\n\n\n\n<li>Exploration, exploitation et gestion quantitative et qualitative des eaux des aquif\u00e8res c\u00f4tiers de l\u2019Alg\u00e9rie centrale.<\/li>\n\n\n\n<li>\u00c9valuation et cartographie des potentialit\u00e9s g\u00e9othermiques de l\u2019Alg\u00e9rie du Nord.<\/li>\n\n\n\n<li>\u00c9tude du ph\u00e9nom\u00e8ne de l\u2019\u00e9rosion c\u00f4ti\u00e8re et de submersion marine&nbsp;; protection des c\u00f4tes \u00e0 travers des m\u00e9thodes d\u2019ing\u00e9nierie durables&nbsp;; d\u00e9veloppement de m\u00e9thodes bas\u00e9es sur l\u2019IA pour l\u2019\u00e9tude de la dynamique c\u00f4ti\u00e8re&nbsp;; d\u00e9veloppement de nouvelles techniques de mesure et d\u2019observation des ph\u00e9nom\u00e8nes c\u00f4tiers.<\/li>\n<\/ul>\n\n\n\n<p><strong>ACTIVIT\u00c9S<\/strong><\/p>\n\n\n\n<ul class=\"wp-block-list\">\n<li>Mobilisation de la ressource en eau, gestion, protection et ma\u00eetrise de son \u00e9volution dans les diff\u00e9rents milieux o\u00f9 elle circule.<\/li>\n\n\n\n<li>Mod\u00e9lisation et Simulation de l\u2019\u00e9coulement et de la propagation de la pollution dans les milieux naturels.<\/li>\n\n\n\n<li>\u00c9tude des facteurs li\u00e9s \u00e0 l\u2019\u00e9rosion et \u00e0 la submersion de la c\u00f4te et cartographie automatique des zones \u00e0 risques.<\/li>\n\n\n\n<li>D\u00e9termination et cartographie des zones \u00e0 fort potentiel g\u00e9othermique en Alg\u00e9rie du Nord.<\/li>\n<\/ul>\n","protected":false},"excerpt":{"rendered":"<p>IDENTIFICATION Nom Laboratoire de G\u00e9o-Environnement Acronyme LGE Mots cl\u00e9s\u00a0 Ressources en eau, zones arides, aquif\u00e8res c\u00f4tiers, ressources g\u00e9othermiques, risques c\u00f4tiers, cartographie, gestion, protection Facult\u00e9 Facult\u00e9 des Sciences de la Terre, de la G\u00e9ographie et&nbsp; de l\u2019Am\u00e9nagement du Territoire (FSTGAT) D\u00e9partement <span class=\"readmore\"><a href=\"https:\/\/lge.usthb.dz\/\">Continue Reading<\/a><\/span><\/p>\n","protected":false},"author":1,"featured_media":0,"parent":0,"menu_order":0,"comment_status":"closed","ping_status":"closed","template":"","meta":{"footnotes":""},"class_list":["post-232","page","type-page","status-publish","hentry"],"_links":{"self":[{"href":"https:\/\/lge.usthb.dz\/index.php\/wp-json\/wp\/v2\/pages\/232","targetHints":{"allow":["GET"]}}],"collection":[{"href":"https:\/\/lge.usthb.dz\/index.php\/wp-json\/wp\/v2\/pages"}],"about":[{"href":"https:\/\/lge.usthb.dz\/index.php\/wp-json\/wp\/v2\/types\/page"}],"author":[{"embeddable":true,"href":"https:\/\/lge.usthb.dz\/index.php\/wp-json\/wp\/v2\/users\/1"}],"replies":[{"embeddable":true,"href":"https:\/\/lge.usthb.dz\/index.php\/wp-json\/wp\/v2\/comments?post=232"}],"version-history":[{"count":22,"href":"https:\/\/lge.usthb.dz\/index.php\/wp-json\/wp\/v2\/pages\/232\/revisions"}],"predecessor-version":[{"id":421,"href":"https:\/\/lge.usthb.dz\/index.php\/wp-json\/wp\/v2\/pages\/232\/revisions\/421"}],"wp:attachment":[{"href":"https:\/\/lge.usthb.dz\/index.php\/wp-json\/wp\/v2\/media?parent=232"}],"curies":[{"name":"wp","href":"https:\/\/api.w.org\/{rel}","templated":true}]}}