{"id":27,"date":"2024-02-22T14:26:34","date_gmt":"2024-02-22T14:26:34","guid":{"rendered":"http:\/\/193.194.89.193\/wp_lge\/?page_id=27"},"modified":"2024-05-29T09:59:03","modified_gmt":"2024-05-29T09:59:03","slug":"equipe-1","status":"publish","type":"page","link":"https:\/\/lge.usthb.dz\/index.php\/equipe-1\/","title":{"rendered":"\u00c9quipe 1"},"content":{"rendered":"\n<h3 class=\"wp-block-heading\">Ressources en eau et environnement en zones semi arides<\/h3>\n\n\n\n<h4 class=\"wp-block-heading\">MEMBRES<\/h4>\n\n\n\n<p><strong>Chef d\u2019\u00e9quipe&nbsp;:<\/strong>&nbsp;<\/p>\n\n\n\n<figure class=\"wp-block-table has-small-font-size\"><table><thead><tr><th><strong>Nom<\/strong><\/th><th><strong>Pr\u00e9nom<\/strong><\/th><th><strong>Dipl\u00f4me<\/strong><\/th><th>Grade<\/th><th><strong>Sp\u00e9cialit\u00e9<\/strong><\/th><\/tr><\/thead><tbody><tr><td>CHIBANE <\/td><td>Brahim<\/td><td>Doc. d&#8217;Etat<\/td><td>Pr.<\/td><td><\/td><\/tr><tr><td>BENTCHAKAL <\/td><td>Malika<\/td><td>Doctorat<\/td><td>MCA<\/td><td><\/td><\/tr><tr><td>MAIZI <\/td><td>Djamel<\/td><td>Doctorat<\/td><td>MCA<\/td><td><\/td><\/tr><tr><td>ALI RAHMANI <\/td><td>Salah Eddine<\/td><td>Doctorat<\/td><td>MCA<\/td><td><\/td><\/tr><\/tbody><\/table><\/figure>\n","protected":false},"excerpt":{"rendered":"<p>Ressources en eau et environnement en zones semi arides MEMBRES Chef d\u2019\u00e9quipe&nbsp;:&nbsp; Nom Pr\u00e9nom Dipl\u00f4me Grade Sp\u00e9cialit\u00e9 CHIBANE Brahim Doc. d&#8217;Etat Pr. BENTCHAKAL Malika Doctorat MCA MAIZI Djamel Doctorat MCA ALI RAHMANI Salah Eddine Doctorat MCA<\/p>\n","protected":false},"author":1,"featured_media":0,"parent":0,"menu_order":0,"comment_status":"closed","ping_status":"closed","template":"","meta":{"footnotes":""},"class_list":["post-27","page","type-page","status-publish","hentry"],"_links":{"self":[{"href":"https:\/\/lge.usthb.dz\/index.php\/wp-json\/wp\/v2\/pages\/27","targetHints":{"allow":["GET"]}}],"collection":[{"href":"https:\/\/lge.usthb.dz\/index.php\/wp-json\/wp\/v2\/pages"}],"about":[{"href":"https:\/\/lge.usthb.dz\/index.php\/wp-json\/wp\/v2\/types\/page"}],"author":[{"embeddable":true,"href":"https:\/\/lge.usthb.dz\/index.php\/wp-json\/wp\/v2\/users\/1"}],"replies":[{"embeddable":true,"href":"https:\/\/lge.usthb.dz\/index.php\/wp-json\/wp\/v2\/comments?post=27"}],"version-history":[{"count":17,"href":"https:\/\/lge.usthb.dz\/index.php\/wp-json\/wp\/v2\/pages\/27\/revisions"}],"predecessor-version":[{"id":429,"href":"https:\/\/lge.usthb.dz\/index.php\/wp-json\/wp\/v2\/pages\/27\/revisions\/429"}],"wp:attachment":[{"href":"https:\/\/lge.usthb.dz\/index.php\/wp-json\/wp\/v2\/media?parent=27"}],"curies":[{"name":"wp","href":"https:\/\/api.w.org\/{rel}","templated":true}]}}