{"id":28,"date":"2024-02-22T14:26:42","date_gmt":"2024-02-22T14:26:42","guid":{"rendered":"http:\/\/193.194.89.193\/wp_lge\/?page_id=28"},"modified":"2024-05-29T10:00:13","modified_gmt":"2024-05-29T10:00:13","slug":"equipe-2","status":"publish","type":"page","link":"https:\/\/lge.usthb.dz\/index.php\/equipe-2\/","title":{"rendered":"\u00c9quipe 2"},"content":{"rendered":"\n<h3 class=\"wp-block-heading\">Aquif\u00e8res c\u00f4tiers&nbsp;et G\u00e9o-risques<\/h3>\n\n\n\n<h4 class=\"wp-block-heading\">MEMBRES<\/h4>\n\n\n\n<p><strong>Chef d\u2019\u00e9quipe&nbsp;:<\/strong>&nbsp;<\/p>\n\n\n\n<figure class=\"wp-block-table has-small-font-size\"><table><thead><tr><th><strong>Nom<\/strong><\/th><th><strong>Pr\u00e9nom<\/strong><\/th><th><strong>Dipl\u00f4me<\/strong><\/th><th>Gr<strong>ade<\/strong><\/th><th><strong>Sp\u00e9cialit\u00e9<\/strong><\/th><\/tr><\/thead><tbody><tr><td>HAOUCHINE <\/td><td>Abdelhamid<\/td><td>Doc. d&#8217;Etat<\/td><td>Pr.<\/td><td><\/td><\/tr><tr><td>HANNACHI <\/td><td>Abdenour<\/td><td>Doctorat<\/td><td>MAA<\/td><td><\/td><\/tr><tr><td>BOUFEKANE <\/td><td>Abdelmadjid<\/td><td>Doctorat<\/td><td>MCA<\/td><td><\/td><\/tr><tr><td>LEGRIOUI <\/td><td>Radhia<\/td><td>Doctorat<\/td><td>MCB<\/td><td><\/td><\/tr><\/tbody><\/table><\/figure>\n","protected":false},"excerpt":{"rendered":"<p>Aquif\u00e8res c\u00f4tiers&nbsp;et G\u00e9o-risques MEMBRES Chef d\u2019\u00e9quipe&nbsp;:&nbsp; Nom Pr\u00e9nom Dipl\u00f4me Grade Sp\u00e9cialit\u00e9 HAOUCHINE Abdelhamid Doc. d&#8217;Etat Pr. HANNACHI Abdenour Doctorat MAA BOUFEKANE Abdelmadjid Doctorat MCA LEGRIOUI Radhia Doctorat MCB<\/p>\n","protected":false},"author":1,"featured_media":0,"parent":0,"menu_order":0,"comment_status":"closed","ping_status":"closed","template":"","meta":{"footnotes":""},"class_list":["post-28","page","type-page","status-publish","hentry"],"_links":{"self":[{"href":"https:\/\/lge.usthb.dz\/index.php\/wp-json\/wp\/v2\/pages\/28","targetHints":{"allow":["GET"]}}],"collection":[{"href":"https:\/\/lge.usthb.dz\/index.php\/wp-json\/wp\/v2\/pages"}],"about":[{"href":"https:\/\/lge.usthb.dz\/index.php\/wp-json\/wp\/v2\/types\/page"}],"author":[{"embeddable":true,"href":"https:\/\/lge.usthb.dz\/index.php\/wp-json\/wp\/v2\/users\/1"}],"replies":[{"embeddable":true,"href":"https:\/\/lge.usthb.dz\/index.php\/wp-json\/wp\/v2\/comments?post=28"}],"version-history":[{"count":20,"href":"https:\/\/lge.usthb.dz\/index.php\/wp-json\/wp\/v2\/pages\/28\/revisions"}],"predecessor-version":[{"id":430,"href":"https:\/\/lge.usthb.dz\/index.php\/wp-json\/wp\/v2\/pages\/28\/revisions\/430"}],"wp:attachment":[{"href":"https:\/\/lge.usthb.dz\/index.php\/wp-json\/wp\/v2\/media?parent=28"}],"curies":[{"name":"wp","href":"https:\/\/api.w.org\/{rel}","templated":true}]}}