{"id":30,"date":"2024-02-22T14:28:22","date_gmt":"2024-02-22T14:28:22","guid":{"rendered":"http:\/\/193.194.89.193\/wp_lge\/?page_id=30"},"modified":"2024-05-29T10:01:30","modified_gmt":"2024-05-29T10:01:30","slug":"equipe-4","status":"publish","type":"page","link":"https:\/\/lge.usthb.dz\/index.php\/equipe-4\/","title":{"rendered":"\u00c9quipe 4"},"content":{"rendered":"\n<h3 class=\"wp-block-heading\">Dynamique et ing\u00e9nierie c\u00f4ti\u00e8res<\/h3>\n\n\n\n<h4 class=\"wp-block-heading\">MEMBRES<\/h4>\n\n\n\n<p><strong>Chef d\u2019\u00e9quipe&nbsp;:<\/strong>&nbsp;<\/p>\n\n\n\n<figure class=\"wp-block-table has-small-font-size\"><table><thead><tr><th><strong>Nom<\/strong><\/th><th><strong>Pr\u00e9nom<\/strong><\/th><th><strong>Dipl\u00f4me<\/strong><\/th><th><strong>Grade<\/strong><\/th><th><strong>Sp\u00e9cialit\u00e9<\/strong><\/th><\/tr><\/thead><tbody><tr><td>HEMDANE<\/td><td>Yacine<\/td><td>Doctorat<\/td><td>Pr.<\/td><td><\/td><\/tr><tr><td>ATROUNE<\/td><td>Farid<\/td><td>Doc. d\u2019Etat<\/td><td>Pr.<\/td><td><\/td><\/tr><tr><td>FOUDIL BOURAS<\/td><td>Ali Eddine<\/td><td>Doc. d\u2019Etat<\/td><td>Pr.<\/td><td><\/td><\/tr><tr><td>ZERROUKI<\/td><td>Chawki<\/td><td>Doctorat<\/td><td>MCB<\/td><td><\/td><\/tr><\/tbody><\/table><\/figure>\n","protected":false},"excerpt":{"rendered":"<p>Dynamique et ing\u00e9nierie c\u00f4ti\u00e8res MEMBRES Chef d\u2019\u00e9quipe&nbsp;:&nbsp; Nom Pr\u00e9nom Dipl\u00f4me Grade Sp\u00e9cialit\u00e9 HEMDANE Yacine Doctorat Pr. ATROUNE Farid Doc. d\u2019Etat Pr. FOUDIL BOURAS Ali Eddine Doc. d\u2019Etat Pr. ZERROUKI Chawki Doctorat MCB<\/p>\n","protected":false},"author":1,"featured_media":0,"parent":0,"menu_order":0,"comment_status":"closed","ping_status":"closed","template":"","meta":{"footnotes":""},"class_list":["post-30","page","type-page","status-publish","hentry"],"_links":{"self":[{"href":"https:\/\/lge.usthb.dz\/index.php\/wp-json\/wp\/v2\/pages\/30","targetHints":{"allow":["GET"]}}],"collection":[{"href":"https:\/\/lge.usthb.dz\/index.php\/wp-json\/wp\/v2\/pages"}],"about":[{"href":"https:\/\/lge.usthb.dz\/index.php\/wp-json\/wp\/v2\/types\/page"}],"author":[{"embeddable":true,"href":"https:\/\/lge.usthb.dz\/index.php\/wp-json\/wp\/v2\/users\/1"}],"replies":[{"embeddable":true,"href":"https:\/\/lge.usthb.dz\/index.php\/wp-json\/wp\/v2\/comments?post=30"}],"version-history":[{"count":14,"href":"https:\/\/lge.usthb.dz\/index.php\/wp-json\/wp\/v2\/pages\/30\/revisions"}],"predecessor-version":[{"id":432,"href":"https:\/\/lge.usthb.dz\/index.php\/wp-json\/wp\/v2\/pages\/30\/revisions\/432"}],"wp:attachment":[{"href":"https:\/\/lge.usthb.dz\/index.php\/wp-json\/wp\/v2\/media?parent=30"}],"curies":[{"name":"wp","href":"https:\/\/api.w.org\/{rel}","templated":true}]}}